{"id":113,"date":"2022-09-29T09:20:26","date_gmt":"2022-09-29T07:20:26","guid":{"rendered":"https:\/\/db0bbw.de\/?page_id=113"},"modified":"2022-11-11T19:31:34","modified_gmt":"2022-11-11T18:31:34","slug":"der-d-star-knigge","status":"publish","type":"page","link":"https:\/\/db0bbw.de\/index.php\/der-d-star-knigge\/","title":{"rendered":"Der D-Star Knigge"},"content":{"rendered":"\n<p>Bei dieser digitalen Betriebsart ist es sehr wichtig auf\u00a0 die Betriebstechnik zu achten, denn wer hier schnell\u00a0die PTT dr\u00fcckt und meint er kann sich so in ein QSO rein h\u00e4ngen oder ein QSO mit schnellem Finger f\u00fchren wird feststellen, dass das nicht geht. Es ist wichtig bei der\u00a0Benutzung der Relais immer den zweiten Roger-Beep ab zu warten, bevor man wieder auf Sendung geht. Zus\u00e4tzlich z\u00e4hlt man am Besten innerlich nach bet\u00e4tigen der PTT auch noch bis &#8222;eins&#8220;, f\u00e4ngt dann erst an zu reden und z\u00e4hlt auch vor dem loslassen der PTT noch mal bis &#8222;eins&#8220;. So vermeidet man Verw\u00fcrfelungen, die durch Reflektionen entstehen k\u00f6nnten. Es geht halt alles etwas langsamer, das h\u00e4ngt damit zusammen, dass die Relais, die \u00fcber das Internet verbunden sind ein weinig Zeit brauchen, bis die Gegenstelle wieder Empfangsbereit ist. <\/p>\n\n\n\n<p>Daher immer eine Nummer langsamer, dann klapp es auch mit dem QSO-Partner. <\/p>\n\n\n\n<p>Der Repeater DB0BBW ist im Normalfall mit dem Reflector XLX339N verbunden. Wird der Repeater auf einen anderen Reflector geschaltet, so verbleibt er dort\u00a0 f\u00fcr\u00a015 Minuten, wenn keine lokale Aktivit\u00e4t auf dem Repeater mehr erkannt wird. Nach \u00fcber\u00a015 Minuten\u00a0erfolgt die Trennung vom aktuellen Reflector und die Verbindung zum Reflector\u00a0<a href=\"http:\/\/xlx339.de\">XLX339N<\/a> wird wieder hergestellt.<\/p>\n\n\n\n<p class=\"has-small-font-size\"><em>Quelle: http:\/\/www.db0chv.de\/4.html<\/em><\/p>\n\n\n\n<p>Damit Eure QSOs auch vern\u00fcnftig weitergeleitet werden k\u00f6nnen und keine Geistergespr\u00e4che auf anderen Relais-Stationen entstehen, achtet darauf, dass an euren Endger\u00e4ten folgende DV-Einstellungen hinterlegt sind.<\/p>\n\n\n\n<p><strong>YOUR CALL:  CQCQCQ<\/strong>  (Zwei Leerzeichen dahinter nicht vergessen) <br><strong>RPT1: DB0BBW B<\/strong><br><strong>RPT2: DB0BBW G<\/strong><br><strong>MY: <em>DEIN RUFZEICHEN<\/em><\/strong><\/p>\n\n\n\n<p>Kleiner TIP! Nutz f\u00fcr den Digitalberieb den DR-Modus mit einer Repeaterliste.  Eine fertige Liste f\u00fcr Deutschland k\u00f6nnt ihr euch unter dem Men\u00fcpunkt &#8222;Downloads&#8220; herunterladen.<\/p>\n","protected":false},"excerpt":{"rendered":"<p>Bei dieser digitalen Betriebsart ist es sehr wichtig auf\u00a0 die Betriebstechnik zu achten, denn wer hier schnell\u00a0die PTT dr\u00fcckt und meint er kann sich so in ein QSO rein h\u00e4ngen oder ein QSO mit schnellem Finger f\u00fchren wird feststellen, dass das nicht geht. Es ist wichtig bei der\u00a0Benutzung der Relais immer den zweiten Roger-Beep ab [&hellip;]<\/p>\n","protected":false},"author":1,"featured_media":0,"parent":0,"menu_order":0,"comment_status":"closed","ping_status":"closed","template":"","meta":{"footnotes":""},"class_list":["post-113","page","type-page","status-publish","hentry","post-preview"],"_links":{"self":[{"href":"https:\/\/db0bbw.de\/index.php\/wp-json\/wp\/v2\/pages\/113","targetHints":{"allow":["GET"]}}],"collection":[{"href":"https:\/\/db0bbw.de\/index.php\/wp-json\/wp\/v2\/pages"}],"about":[{"href":"https:\/\/db0bbw.de\/index.php\/wp-json\/wp\/v2\/types\/page"}],"author":[{"embeddable":true,"href":"https:\/\/db0bbw.de\/index.php\/wp-json\/wp\/v2\/users\/1"}],"replies":[{"embeddable":true,"href":"https:\/\/db0bbw.de\/index.php\/wp-json\/wp\/v2\/comments?post=113"}],"version-history":[{"count":7,"href":"https:\/\/db0bbw.de\/index.php\/wp-json\/wp\/v2\/pages\/113\/revisions"}],"predecessor-version":[{"id":186,"href":"https:\/\/db0bbw.de\/index.php\/wp-json\/wp\/v2\/pages\/113\/revisions\/186"}],"wp:attachment":[{"href":"https:\/\/db0bbw.de\/index.php\/wp-json\/wp\/v2\/media?parent=113"}],"curies":[{"name":"wp","href":"https:\/\/api.w.org\/{rel}","templated":true}]}}