{"id":2,"date":"2022-08-18T21:31:09","date_gmt":"2022-08-18T19:31:09","guid":{"rendered":"https:\/\/db0bbw.de\/?page_id=2"},"modified":"2025-01-11T08:55:04","modified_gmt":"2025-01-11T07:55:04","slug":"naehere-infos","status":"publish","type":"page","link":"https:\/\/db0bbw.de\/","title":{"rendered":"Willkommen&#8230;"},"content":{"rendered":"\n<p>auf der Webseite der Funkstation DB0BBW auf dem Hochhaus des Berufsbildungswerk Annastift in Hannover. <\/p>\n\n\n\n<p class=\"has-accent-color has-text-color has-link-color wp-elements-1bad2e551ffcce634104d776996a9ea9\">HINWEIS: <br>Da wir festgestellt haben, dass die D-Star-Nutzung sich nahezu auf 0 bel\u00e4uft und f\u00fcr die Region Hannover noch DB0TVH zur Verf\u00fcgung steht, haben wir beschlossen die Frequenz zuk\u00fcnftig f\u00fcr eine andere Betriebsart freizugeben. Bitte weichen Sie f\u00fcr D-Star auf DB0TVH Stationen aus.<\/p>\n\n\n\n<p class=\"has-accent-color has-text-color has-link-color wp-elements-ca400b4854d87e2b5bb71344ace58b2a\">Wir m\u00f6chten uns bei den treuen OMs f\u00fcr die Nutzung und das Feedback bedanken und w\u00fcrden uns freuen, wenn ihr uns auch in den neuen Betriebsarten wieder begleitet. <\/p>\n\n\n\n<p>Ab sofort stehen unter dem Rufzeichen DB0BBW f\u00fcr Hannover und Umland zwei neue Relaisstationen im zur Verf\u00fcgung. Ein Relais ICOM IC-FR6100 im NXDN\/FM-Mischbetrieb auf der Frequenz 438.2875 -7.6 MHz sowie ein Selbstbau-Relais (MMDVM) f\u00fcr P25 auf der Frequenz 438.5000 -7.6 MHz.<br>N\u00e4heres entnehmen Sie bitte der rechten Leiste (nur in Desktopansicht sichtbar)<\/p>\n\n\n\n<p>Bitte beachtet hierbei, dass beide Relaisstationen sich noch im Testbetrieb befinden. Habt also Verst\u00e4ndnis daf\u00fcr, dass es auch mal an der ein oder anderen Stelle nicht so gut funktioniert. Wir leben von Eurem Feedback.<\/p>\n\n\n\n<div class=\"wp-block-group\"><div class=\"wp-block-group__inner-container is-layout-flow wp-block-group-is-layout-flow\">\n<div class=\"wp-block-columns is-layout-flex wp-container-core-columns-is-layout-9d6595d7 wp-block-columns-is-layout-flex\">\n<div class=\"wp-block-column is-layout-flow wp-block-column-is-layout-flow\" style=\"flex-basis:100%\">\n<figure class=\"wp-block-gallery has-nested-images columns-default is-cropped wp-block-gallery-1 is-layout-flex wp-block-gallery-is-layout-flex\">\n<figure class=\"wp-block-image size-large\"><img loading=\"lazy\" decoding=\"async\" width=\"768\" height=\"1024\" data-id=\"155\" src=\"https:\/\/db0bbw.de\/wp-content\/uploads\/2022\/10\/antenne-768x1024.jpeg\" alt=\"\" class=\"wp-image-155\" srcset=\"https:\/\/db0bbw.de\/wp-content\/uploads\/2022\/10\/antenne-768x1024.jpeg 768w, https:\/\/db0bbw.de\/wp-content\/uploads\/2022\/10\/antenne-225x300.jpeg 225w, https:\/\/db0bbw.de\/wp-content\/uploads\/2022\/10\/antenne-1152x1536.jpeg 1152w, https:\/\/db0bbw.de\/wp-content\/uploads\/2022\/10\/antenne-676x901.jpeg 676w, https:\/\/db0bbw.de\/wp-content\/uploads\/2022\/10\/antenne.jpeg 1500w\" sizes=\"auto, (max-width: 768px) 100vw, 768px\" \/><\/figure>\n\n\n\n<figure class=\"wp-block-image size-full\"><img loading=\"lazy\" decoding=\"async\" width=\"768\" height=\"1024\" data-id=\"221\" src=\"https:\/\/db0bbw.de\/wp-content\/uploads\/2023\/12\/IMG_9529-1.jpg\" alt=\"\" class=\"wp-image-221\" srcset=\"https:\/\/db0bbw.de\/wp-content\/uploads\/2023\/12\/IMG_9529-1.jpg 768w, https:\/\/db0bbw.de\/wp-content\/uploads\/2023\/12\/IMG_9529-1-225x300.jpg 225w, https:\/\/db0bbw.de\/wp-content\/uploads\/2023\/12\/IMG_9529-1-676x901.jpg 676w\" sizes=\"auto, (max-width: 768px) 100vw, 768px\" \/><\/figure>\n<\/figure>\n<\/div>\n<\/div>\n<\/div><\/div>\n\n\n\n<p>Um jedem OM einen angenehmen Betrieb zu erm\u00f6glichen, achten Sie bitte auf die Pausen zwischen den einzelnen Gespr\u00e4chen.<\/p>\n\n\n\n<p>Ich w\u00fcnschen Ihnen viele angenehme QSOs auf unserem D-Star-Relais.<br><\/p>\n\n\n\n<p>vy73 de Christian (DL9CMA)<\/p>\n\n\n\n<p><\/p>\n","protected":false},"excerpt":{"rendered":"<p>auf der Webseite der Funkstation DB0BBW auf dem Hochhaus des Berufsbildungswerk Annastift in Hannover. HINWEIS: Da wir festgestellt haben, dass die D-Star-Nutzung sich nahezu auf 0 bel\u00e4uft und f\u00fcr die Region Hannover noch DB0TVH zur Verf\u00fcgung steht, haben wir beschlossen die Frequenz zuk\u00fcnftig f\u00fcr eine andere Betriebsart freizugeben. Bitte weichen Sie f\u00fcr D-Star auf DB0TVH [&hellip;]<\/p>\n","protected":false},"author":1,"featured_media":0,"parent":0,"menu_order":0,"comment_status":"closed","ping_status":"closed","template":"","meta":{"footnotes":""},"class_list":["post-2","page","type-page","status-publish","hentry","post-preview"],"_links":{"self":[{"href":"https:\/\/db0bbw.de\/index.php\/wp-json\/wp\/v2\/pages\/2","targetHints":{"allow":["GET"]}}],"collection":[{"href":"https:\/\/db0bbw.de\/index.php\/wp-json\/wp\/v2\/pages"}],"about":[{"href":"https:\/\/db0bbw.de\/index.php\/wp-json\/wp\/v2\/types\/page"}],"author":[{"embeddable":true,"href":"https:\/\/db0bbw.de\/index.php\/wp-json\/wp\/v2\/users\/1"}],"replies":[{"embeddable":true,"href":"https:\/\/db0bbw.de\/index.php\/wp-json\/wp\/v2\/comments?post=2"}],"version-history":[{"count":14,"href":"https:\/\/db0bbw.de\/index.php\/wp-json\/wp\/v2\/pages\/2\/revisions"}],"predecessor-version":[{"id":225,"href":"https:\/\/db0bbw.de\/index.php\/wp-json\/wp\/v2\/pages\/2\/revisions\/225"}],"wp:attachment":[{"href":"https:\/\/db0bbw.de\/index.php\/wp-json\/wp\/v2\/media?parent=2"}],"curies":[{"name":"wp","href":"https:\/\/api.w.org\/{rel}","templated":true}]}}